{"id":6119,"date":"2018-01-10T20:37:13","date_gmt":"2018-01-10T20:37:13","guid":{"rendered":"https:\/\/structurescdl.com\/realisations\/"},"modified":"2018-04-27T14:36:02","modified_gmt":"2018-04-27T14:36:02","slug":"realisations","status":"publish","type":"page","link":"https:\/\/structurescdl.com\/en\/realisations\/","title":{"rendered":"Projects"},"content":{"rendered":"<section class=\"l-section wpb_row height_small\"><div class=\"l-section-h i-cf\"><div class=\"g-cols vc_row via_flex valign_top type_default stacking_default\"><div class=\"vc_col-sm-12 wpb_column vc_column_container\"><div class=\"vc_column-inner\"><div class=\"wpb_wrapper\"><div class=\"wpb_text_column\"><div class=\"wpb_wrapper\"><p><img loading=\"lazy\" decoding=\"async\" class=\"alignnone wp-image-6158 size-full\" src=\"https:\/\/structurescdl.com\/wp-content\/uploads\/2018\/01\/Achievement.jpg\" alt=\"\" width=\"335\" height=\"78\" srcset=\"https:\/\/structurescdl.com\/wp-content\/uploads\/2018\/01\/Achievement.jpg 335w, https:\/\/structurescdl.com\/wp-content\/uploads\/2018\/01\/Achievement-300x70.jpg 300w\" sizes=\"auto, (max-width: 335px) 100vw, 335px\" \/><\/p>\n<p>&nbsp;<\/p>\n<p style=\"text-align: center;\"><span style=\"font-size: 20px;\"><strong>Here are a few of Les Structures CDL\u2019s achievements over the last few years:<\/strong><\/span><\/p>\n<\/div><\/div><\/div><\/div><\/div><\/div><\/div><\/section><section class=\"l-section wpb_row height_medium\"><div class=\"l-section-h i-cf\"><div class=\"g-cols vc_row via_flex valign_top type_default stacking_default\"><div class=\"vc_col-sm-12 wpb_column vc_column_container\"><div class=\"vc_column-inner\"><div class=\"wpb_wrapper\"><div class=\"wpb_text_column\"><div class=\"wpb_wrapper\">\n<table id=\"tablepress-2\" class=\"tablepress tablepress-id-2\">\n<thead>\n<tr class=\"row-1\">\n\t<th class=\"column-1\">Projects<\/th><th class=\"column-2\">City<\/th><th class=\"column-3\">Tonnage<\/th>\n<\/tr>\n<\/thead>\n<tbody class=\"row-striping row-hover\">\n<tr class=\"row-2\">\n\t<td class=\"column-1\">Garderie H\u00e9misph\u00e8re Qu\u00e9bec<\/td><td class=\"column-2\">Qu\u00e9bec<\/td><td class=\"column-3\">40<\/td>\n<\/tr>\n<tr class=\"row-3\">\n\t<td class=\"column-1\">KIA Beauport (agr.)<\/td><td class=\"column-2\">Qu\u00e9bec<\/td><td class=\"column-3\">47<\/td>\n<\/tr>\n<tr class=\"row-4\">\n\t<td class=\"column-1\">MIT Cogen Cambridge MA<\/td><td class=\"column-2\">Cambridge, MA<\/td><td class=\"column-3\">657<\/td>\n<\/tr>\n<tr class=\"row-5\">\n\t<td class=\"column-1\">\u00c9cole des Pionniers Terrebonne (agr)<\/td><td class=\"column-2\">Terrebonne<\/td><td class=\"column-3\">35<\/td>\n<\/tr>\n<tr class=\"row-6\">\n\t<td class=\"column-1\">\u00c9cole Franklin Hill Repentigny (agr)<\/td><td class=\"column-2\">Repentigny<\/td><td class=\"column-3\">114<\/td>\n<\/tr>\n<tr class=\"row-7\">\n\t<td class=\"column-1\">\u00c9cole St-Benoit Mtl (agr.)<\/td><td class=\"column-2\">Montr\u00e9al<\/td><td class=\"column-3\">95<\/td>\n<\/tr>\n<tr class=\"row-8\">\n\t<td class=\"column-1\">La Fernandi\u00e8re Olymel Trois-Rivi\u00e8res (agr.)<\/td><td class=\"column-2\">Trois-Rivi\u00e8res<\/td><td class=\"column-3\">168<\/td>\n<\/tr>\n<tr class=\"row-9\">\n\t<td class=\"column-1\">B\u00e2timent Industriel Valard Victoriaville<\/td><td class=\"column-2\">Victoriaville<\/td><td class=\"column-3\">60<\/td>\n<\/tr>\n<tr class=\"row-10\">\n\t<td class=\"column-1\">Building H Orl\u00e9ans Ottawa<\/td><td class=\"column-2\">Ottawa, ON<\/td><td class=\"column-3\">153<\/td>\n<\/tr>\n<tr class=\"row-11\">\n\t<td class=\"column-1\">Naples Pizza Gatineau<\/td><td class=\"column-2\">Gatineau<\/td><td class=\"column-3\">34<\/td>\n<\/tr>\n<tr class=\"row-12\">\n\t<td class=\"column-1\">Usine Rousseau M\u00e9tal L'Islet<\/td><td class=\"column-2\">L'Islet<\/td><td class=\"column-3\">451<\/td>\n<\/tr>\n<tr class=\"row-13\">\n\t<td class=\"column-1\">\u00c9difice Blanche-Lamontagne Beauport<\/td><td class=\"column-2\">Qu\u00e9bec<\/td><td class=\"column-3\">93<\/td>\n<\/tr>\n<tr class=\"row-14\">\n\t<td class=\"column-1\">Entrep\u00f4t CFP Wilbrod-Bh\u00e9rer, QC, (agr.)<\/td><td class=\"column-2\">Qu\u00e9bec<\/td><td class=\"column-3\">56<\/td>\n<\/tr>\n<tr class=\"row-15\">\n\t<td class=\"column-1\">\u00c9cole Parc Cheval Blanc Gatineau ( Nouvelle )<\/td><td class=\"column-2\">Gatineau<\/td><td class=\"column-3\">289<\/td>\n<\/tr>\n<tr class=\"row-16\">\n\t<td class=\"column-1\">H\u00f4pital Sacr\u00e9-Coeur, Montr\u00e9al ( agr.)<\/td><td class=\"column-2\">Montr\u00e9al<\/td><td class=\"column-3\">94<\/td>\n<\/tr>\n<tr class=\"row-17\">\n\t<td class=\"column-1\">MTL Technologies Chambly (Agr.)<\/td><td class=\"column-2\">Chambly<\/td><td class=\"column-3\">89<\/td>\n<\/tr>\n<tr class=\"row-18\">\n\t<td class=\"column-1\">Lebourgneuf Espace 3A  Phase IV, \u00c9tape 2<\/td><td class=\"column-2\">Qu\u00e9bec<\/td><td class=\"column-3\">187<\/td>\n<\/tr>\n<tr class=\"row-19\">\n\t<td class=\"column-1\">Super Clinique,  Gatineau<\/td><td class=\"column-2\">Gatineau<\/td><td class=\"column-3\">290<\/td>\n<\/tr>\n<tr class=\"row-20\">\n\t<td class=\"column-1\">Banque Scotia St-Romuald<\/td><td class=\"column-2\">L\u00e9vis<\/td><td class=\"column-3\">27<\/td>\n<\/tr>\n<tr class=\"row-21\">\n\t<td class=\"column-1\">Complexe Sant\u00e9 Immex Sherbrooke Phase A-B<\/td><td class=\"column-2\">Sherbrooke<\/td><td class=\"column-3\">391<\/td>\n<\/tr>\n<tr class=\"row-22\">\n\t<td class=\"column-1\">Bureaux Meunerie Soucy Ste Croix<\/td><td class=\"column-2\">Ste-Croix<\/td><td class=\"column-3\">37<\/td>\n<\/tr>\n<tr class=\"row-23\">\n\t<td class=\"column-1\">Viam Films, Homopolym\u00e8re,  Lanoraie<\/td><td class=\"column-2\">Lanoraie<\/td><td class=\"column-3\">88<\/td>\n<\/tr>\n<tr class=\"row-24\">\n\t<td class=\"column-1\">Russell Foodland, Ontario<\/td><td class=\"column-2\">Russel, ON<\/td><td class=\"column-3\">158<\/td>\n<\/tr>\n<tr class=\"row-25\">\n\t<td class=\"column-1\">Matra Plast Industrie ( Agr.) Berthierville<\/td><td class=\"column-2\">Berthierville<\/td><td class=\"column-3\">94<\/td>\n<\/tr>\n<tr class=\"row-26\">\n\t<td class=\"column-1\">Soci\u00e9t\u00e9 V.I.A L\u00e9vis ( Agr.)<\/td><td class=\"column-2\">L\u00e9vis<\/td><td class=\"column-3\">72<\/td>\n<\/tr>\n<tr class=\"row-27\">\n\t<td class=\"column-1\">\u00c9cole Provencher St-Anselme (agr.)<\/td><td class=\"column-2\">St-Anselme<\/td><td class=\"column-3\">58<\/td>\n<\/tr>\n<tr class=\"row-28\">\n\t<td class=\"column-1\">R\u00e9sidence Le Languedoc, Vaudreuil Dorion<\/td><td class=\"column-2\">Vaudreuil<\/td><td class=\"column-3\">161<\/td>\n<\/tr>\n<tr class=\"row-29\">\n\t<td class=\"column-1\">IGA Express\/Shell S\u00e9nator Rouyn Noranda<\/td><td class=\"column-2\">Rouyn<\/td><td class=\"column-3\">12<\/td>\n<\/tr>\n<tr class=\"row-30\">\n\t<td class=\"column-1\">IGA S\u00e9nator Rouyn Noranda<\/td><td class=\"column-2\">Rouyn<\/td><td class=\"column-3\">117<\/td>\n<\/tr>\n<tr class=\"row-31\">\n\t<td class=\"column-1\">Usine Forex Amos (Agr.)<\/td><td class=\"column-2\">Amos<\/td><td class=\"column-3\">296<\/td>\n<\/tr>\n<tr class=\"row-32\">\n\t<td class=\"column-1\">Wiptec M\u00e9gacentre ( Agr.) Sherbrooke<\/td><td class=\"column-2\">Sherbrooke<\/td><td class=\"column-3\">212<\/td>\n<\/tr>\n<tr class=\"row-33\">\n\t<td class=\"column-1\">\u00c9cole Grand-Bois\u00e9  (Agr .) Chelsea<\/td><td class=\"column-2\">Chelsea<\/td><td class=\"column-3\">27<\/td>\n<\/tr>\n<tr class=\"row-34\">\n\t<td class=\"column-1\">Meunerie Milanaise St-Jean-sur-Richelieu<\/td><td class=\"column-2\">St-Jean<\/td><td class=\"column-3\">867<\/td>\n<\/tr>\n<tr class=\"row-35\">\n\t<td class=\"column-1\">Tafisa<\/td><td class=\"column-2\">Lac M\u00e9gantic<\/td><td class=\"column-3\">2825<\/td>\n<\/tr>\n<tr class=\"row-36\">\n\t<td class=\"column-1\">C.F.A<\/td><td class=\"column-2\">Granby<\/td><td class=\"column-3\">1695<\/td>\n<\/tr>\n<tr class=\"row-37\">\n\t<td class=\"column-1\">The Brick (entrep\u00f4t)<\/td><td class=\"column-2\">Montr\u00e9al<\/td><td class=\"column-3\">1190<\/td>\n<\/tr>\n<tr class=\"row-38\">\n\t<td class=\"column-1\">Little Sisters of the Poor<\/td><td class=\"column-2\">Bronx NY<\/td><td class=\"column-3\">480<\/td>\n<\/tr>\n<tr class=\"row-39\">\n\t<td class=\"column-1\"><a href=\"https:\/\/structurescdl.com\/wp-content\/uploads\/2018\/01\/rcss.jpg\">RCSS Loblaws<\/a><\/td><td class=\"column-2\">Ottawa<\/td><td class=\"column-3\">371<\/td>\n<\/tr>\n<tr class=\"row-40\">\n\t<td class=\"column-1\">Cambridge Mews<\/td><td class=\"column-2\">Bronx, NY<\/td><td class=\"column-3\">320<\/td>\n<\/tr>\n<tr class=\"row-41\">\n\t<td class=\"column-1\">97-101 Grand Ave.<\/td><td class=\"column-2\">Brooklyn NY<\/td><td class=\"column-3\">300<\/td>\n<\/tr>\n<tr class=\"row-42\">\n\t<td class=\"column-1\">Shire<\/td><td class=\"column-2\">Ste-Foy<\/td><td class=\"column-3\">270<\/td>\n<\/tr>\n<tr class=\"row-43\">\n\t<td class=\"column-1\">Wal Mart (1) ONT (5) QU\u00c9 (1) NB<\/td><td class=\"column-2\">ONT, QU\u00c9, NB<\/td><td class=\"column-3\">170 - 250<\/td>\n<\/tr>\n<tr class=\"row-44\">\n\t<td class=\"column-1\">Greenburgh Library<\/td><td class=\"column-2\">Elmsford, NY<\/td><td class=\"column-3\">210<\/td>\n<\/tr>\n<tr class=\"row-45\">\n\t<td class=\"column-1\">Rona l'Entrep\u00f4t<\/td><td class=\"column-2\">Ottawa<\/td><td class=\"column-3\">200<\/td>\n<\/tr>\n<tr class=\"row-46\">\n\t<td class=\"column-1\">R\u00e9no D\u00e9p\u00f4t<\/td><td class=\"column-2\">Sherbrooke<\/td><td class=\"column-3\">193<\/td>\n<\/tr>\n<tr class=\"row-47\">\n\t<td class=\"column-1\">Equinox Fitness Club<\/td><td class=\"column-2\">Thomsaton, NY<\/td><td class=\"column-3\">192<\/td>\n<\/tr>\n<tr class=\"row-48\">\n\t<td class=\"column-1\">Loblaws<\/td><td class=\"column-2\">Ste-Foy<\/td><td class=\"column-3\">186<\/td>\n<\/tr>\n<tr class=\"row-49\">\n\t<td class=\"column-1\">Canadian Tire<\/td><td class=\"column-2\">Ste-Foy<\/td><td class=\"column-3\">178<\/td>\n<\/tr>\n<tr class=\"row-50\">\n\t<td class=\"column-1\">171 MaDougal Street<\/td><td class=\"column-2\">New York, NY<\/td><td class=\"column-3\">176<\/td>\n<\/tr>\n<tr class=\"row-51\">\n\t<td class=\"column-1\">Loblaws<\/td><td class=\"column-2\">Drummondville<\/td><td class=\"column-3\">173<\/td>\n<\/tr>\n<tr class=\"row-52\">\n\t<td class=\"column-1\">1442, 67th Street<\/td><td class=\"column-2\">Brooklyn, NY<\/td><td class=\"column-3\">173<\/td>\n<\/tr>\n<tr class=\"row-53\">\n\t<td class=\"column-1\">Mercedez Benz<\/td><td class=\"column-2\">Dollard des Ormeaux (Mtl)<\/td><td class=\"column-3\">162<\/td>\n<\/tr>\n<tr class=\"row-54\">\n\t<td class=\"column-1\">Canadian Tire<\/td><td class=\"column-2\">Cowansville<\/td><td class=\"column-3\">140<\/td>\n<\/tr>\n<tr class=\"row-55\">\n\t<td class=\"column-1\">1059 Manhattan Ave.<\/td><td class=\"column-2\">Brooklyn NY<\/td><td class=\"column-3\">140<\/td>\n<\/tr>\n<tr class=\"row-56\">\n\t<td class=\"column-1\">457 Atlantic Ave.<\/td><td class=\"column-2\">Brooklyn NY<\/td><td class=\"column-3\">140<\/td>\n<\/tr>\n<tr class=\"row-57\">\n\t<td class=\"column-1\">IGA Boul. Greber<\/td><td class=\"column-2\">Gatineau<\/td><td class=\"column-3\">138<\/td>\n<\/tr>\n<tr class=\"row-58\">\n\t<td class=\"column-1\">IGA Mont\u00e9e Paiement<\/td><td class=\"column-2\">Gatineau<\/td><td class=\"column-3\">126<\/td>\n<\/tr>\n<tr class=\"row-59\">\n\t<td class=\"column-1\">M\u00e9tro Plus<\/td><td class=\"column-2\">Qu\u00e9bec<\/td><td class=\"column-3\">95 - 122<\/td>\n<\/tr>\n<tr class=\"row-60\">\n\t<td class=\"column-1\">Projet R\u00e9sidence Cap Rouge<\/td><td class=\"column-2\">Cap Rouge<\/td><td class=\"column-3\">96<\/td>\n<\/tr>\n<tr class=\"row-61\">\n\t<td class=\"column-1\">Future Shop<\/td><td class=\"column-2\">Gatineau<\/td><td class=\"column-3\">95<\/td>\n<\/tr>\n<tr class=\"row-62\">\n\t<td class=\"column-1\">IGA Plus<\/td><td class=\"column-2\">St-Nicolas<\/td><td class=\"column-3\">93<\/td>\n<\/tr>\n<tr class=\"row-63\">\n\t<td class=\"column-1\">425 Broome Street<\/td><td class=\"column-2\">New York, NY<\/td><td class=\"column-3\">90<\/td>\n<\/tr>\n<tr class=\"row-64\">\n\t<td class=\"column-1\">Mazda<\/td><td class=\"column-2\">Beauport<\/td><td class=\"column-3\">80<\/td>\n<\/tr>\n<tr class=\"row-65\">\n\t<td class=\"column-1\">2021, 1st Avenue<\/td><td class=\"column-2\">Brooklyn NY<\/td><td class=\"column-3\">80<\/td>\n<\/tr>\n<tr class=\"row-66\">\n\t<td class=\"column-1\">Canac Marquis<\/td><td class=\"column-2\">Trois-Rivi\u00e8res<\/td><td class=\"column-3\">70<\/td>\n<\/tr>\n<tr class=\"row-67\">\n\t<td class=\"column-1\">Sign. Hamilton Ave.<\/td><td class=\"column-2\">Hamilton<\/td><td class=\"column-3\">26<\/td>\n<\/tr>\n<\/tbody>\n<\/table>\n\n<\/div><\/div><\/div><\/div><\/div><\/div><\/div><\/section>\n","protected":false},"excerpt":{"rendered":"&nbsp; Here are a few of Les Structures CDL\u2019s achievements over the last few years: ProjectsCityTonnage Garderie H\u00e9misph\u00e8re Qu\u00e9becQu\u00e9bec40 KIA Beauport (agr.)Qu\u00e9bec47 MIT Cogen Cambridge MACambridge, MA657 \u00c9cole des Pionniers Terrebonne (agr)Terrebonne35 \u00c9cole Franklin Hill Repentigny (agr)Repentigny114 \u00c9cole St-Benoit Mtl (agr.)Montr\u00e9al95 La Fernandi\u00e8re Olymel Trois-Rivi\u00e8res (agr.)Trois-Rivi\u00e8res168 B\u00e2timent Industriel Valard VictoriavilleVictoriaville60 Building H Orl\u00e9ans OttawaOttawa, ON153...","protected":false},"author":1,"featured_media":0,"parent":0,"menu_order":0,"comment_status":"closed","ping_status":"closed","template":"","meta":{"footnotes":""},"class_list":["post-6119","page","type-page","status-publish","hentry"],"yoast_head":"<!-- This site is optimized with the Yoast SEO plugin v27.4 - https:\/\/yoast.com\/product\/yoast-seo-wordpress\/ -->\n<title>Erection Steel Building, Design, Industrial Buildings<\/title>\n<meta name=\"description\" content=\"Here are some achievements made by Les Structures CDL in recent years. We are specialized in the manufacture and installation of metal structures.\" \/>\n<meta name=\"robots\" content=\"index, follow, max-snippet:-1, max-image-preview:large, max-video-preview:-1\" \/>\n<link rel=\"canonical\" href=\"https:\/\/structurescdl.com\/en\/realisations\/\" \/>\n<meta property=\"og:locale\" content=\"en_US\" \/>\n<meta property=\"og:type\" content=\"article\" \/>\n<meta property=\"og:title\" content=\"Erection Steel Building, Design, Industrial Buildings\" \/>\n<meta property=\"og:description\" content=\"Here are some achievements made by Les Structures CDL in recent years. We are specialized in the manufacture and installation of metal structures.\" \/>\n<meta property=\"og:url\" content=\"https:\/\/structurescdl.com\/en\/realisations\/\" \/>\n<meta property=\"og:site_name\" content=\"Structure CDL\" \/>\n<meta property=\"article:modified_time\" content=\"2018-04-27T14:36:02+00:00\" \/>\n<meta property=\"og:image\" content=\"https:\/\/structurescdl.com\/wp-content\/uploads\/2018\/01\/Achievement.jpg\" \/>\n<meta name=\"twitter:card\" content=\"summary_large_image\" \/>\n<script type=\"application\/ld+json\" class=\"yoast-schema-graph\">{\"@context\":\"https:\\\/\\\/schema.org\",\"@graph\":[{\"@type\":\"WebPage\",\"@id\":\"https:\\\/\\\/structurescdl.com\\\/en\\\/realisations\\\/\",\"url\":\"https:\\\/\\\/structurescdl.com\\\/en\\\/realisations\\\/\",\"name\":\"Erection Steel Building, Design, Industrial Buildings\",\"isPartOf\":{\"@id\":\"https:\\\/\\\/structurescdl.com\\\/#website\"},\"primaryImageOfPage\":{\"@id\":\"https:\\\/\\\/structurescdl.com\\\/en\\\/realisations\\\/#primaryimage\"},\"image\":{\"@id\":\"https:\\\/\\\/structurescdl.com\\\/en\\\/realisations\\\/#primaryimage\"},\"thumbnailUrl\":\"https:\\\/\\\/structurescdl.com\\\/wp-content\\\/uploads\\\/2018\\\/01\\\/Achievement.jpg\",\"datePublished\":\"2018-01-10T20:37:13+00:00\",\"dateModified\":\"2018-04-27T14:36:02+00:00\",\"description\":\"Here are some achievements made by Les Structures CDL in recent years. We are specialized in the manufacture and installation of metal structures.\",\"breadcrumb\":{\"@id\":\"https:\\\/\\\/structurescdl.com\\\/en\\\/realisations\\\/#breadcrumb\"},\"inLanguage\":\"en-US\",\"potentialAction\":[{\"@type\":\"ReadAction\",\"target\":[\"https:\\\/\\\/structurescdl.com\\\/en\\\/realisations\\\/\"]}]},{\"@type\":\"ImageObject\",\"inLanguage\":\"en-US\",\"@id\":\"https:\\\/\\\/structurescdl.com\\\/en\\\/realisations\\\/#primaryimage\",\"url\":\"https:\\\/\\\/structurescdl.com\\\/wp-content\\\/uploads\\\/2018\\\/01\\\/Achievement.jpg\",\"contentUrl\":\"https:\\\/\\\/structurescdl.com\\\/wp-content\\\/uploads\\\/2018\\\/01\\\/Achievement.jpg\"},{\"@type\":\"BreadcrumbList\",\"@id\":\"https:\\\/\\\/structurescdl.com\\\/en\\\/realisations\\\/#breadcrumb\",\"itemListElement\":[{\"@type\":\"ListItem\",\"position\":1,\"name\":\"Home\",\"item\":\"https:\\\/\\\/structurescdl.com\\\/en\\\/\"},{\"@type\":\"ListItem\",\"position\":2,\"name\":\"Projects\"}]},{\"@type\":\"WebSite\",\"@id\":\"https:\\\/\\\/structurescdl.com\\\/#website\",\"url\":\"https:\\\/\\\/structurescdl.com\\\/\",\"name\":\"Structure CDL\",\"description\":\"Site Internet Structures CDL\",\"potentialAction\":[{\"@type\":\"SearchAction\",\"target\":{\"@type\":\"EntryPoint\",\"urlTemplate\":\"https:\\\/\\\/structurescdl.com\\\/?s={search_term_string}\"},\"query-input\":{\"@type\":\"PropertyValueSpecification\",\"valueRequired\":true,\"valueName\":\"search_term_string\"}}],\"inLanguage\":\"en-US\"}]}<\/script>\n<!-- \/ Yoast SEO plugin. -->","yoast_head_json":{"title":"Erection Steel Building, Design, Industrial Buildings","description":"Here are some achievements made by Les Structures CDL in recent years. We are specialized in the manufacture and installation of metal structures.","robots":{"index":"index","follow":"follow","max-snippet":"max-snippet:-1","max-image-preview":"max-image-preview:large","max-video-preview":"max-video-preview:-1"},"canonical":"https:\/\/structurescdl.com\/en\/realisations\/","og_locale":"en_US","og_type":"article","og_title":"Erection Steel Building, Design, Industrial Buildings","og_description":"Here are some achievements made by Les Structures CDL in recent years. We are specialized in the manufacture and installation of metal structures.","og_url":"https:\/\/structurescdl.com\/en\/realisations\/","og_site_name":"Structure CDL","article_modified_time":"2018-04-27T14:36:02+00:00","og_image":[{"url":"https:\/\/structurescdl.com\/wp-content\/uploads\/2018\/01\/Achievement.jpg","type":"","width":"","height":""}],"twitter_card":"summary_large_image","schema":{"@context":"https:\/\/schema.org","@graph":[{"@type":"WebPage","@id":"https:\/\/structurescdl.com\/en\/realisations\/","url":"https:\/\/structurescdl.com\/en\/realisations\/","name":"Erection Steel Building, Design, Industrial Buildings","isPartOf":{"@id":"https:\/\/structurescdl.com\/#website"},"primaryImageOfPage":{"@id":"https:\/\/structurescdl.com\/en\/realisations\/#primaryimage"},"image":{"@id":"https:\/\/structurescdl.com\/en\/realisations\/#primaryimage"},"thumbnailUrl":"https:\/\/structurescdl.com\/wp-content\/uploads\/2018\/01\/Achievement.jpg","datePublished":"2018-01-10T20:37:13+00:00","dateModified":"2018-04-27T14:36:02+00:00","description":"Here are some achievements made by Les Structures CDL in recent years. We are specialized in the manufacture and installation of metal structures.","breadcrumb":{"@id":"https:\/\/structurescdl.com\/en\/realisations\/#breadcrumb"},"inLanguage":"en-US","potentialAction":[{"@type":"ReadAction","target":["https:\/\/structurescdl.com\/en\/realisations\/"]}]},{"@type":"ImageObject","inLanguage":"en-US","@id":"https:\/\/structurescdl.com\/en\/realisations\/#primaryimage","url":"https:\/\/structurescdl.com\/wp-content\/uploads\/2018\/01\/Achievement.jpg","contentUrl":"https:\/\/structurescdl.com\/wp-content\/uploads\/2018\/01\/Achievement.jpg"},{"@type":"BreadcrumbList","@id":"https:\/\/structurescdl.com\/en\/realisations\/#breadcrumb","itemListElement":[{"@type":"ListItem","position":1,"name":"Home","item":"https:\/\/structurescdl.com\/en\/"},{"@type":"ListItem","position":2,"name":"Projects"}]},{"@type":"WebSite","@id":"https:\/\/structurescdl.com\/#website","url":"https:\/\/structurescdl.com\/","name":"Structure CDL","description":"Site Internet Structures CDL","potentialAction":[{"@type":"SearchAction","target":{"@type":"EntryPoint","urlTemplate":"https:\/\/structurescdl.com\/?s={search_term_string}"},"query-input":{"@type":"PropertyValueSpecification","valueRequired":true,"valueName":"search_term_string"}}],"inLanguage":"en-US"}]}},"_links":{"self":[{"href":"https:\/\/structurescdl.com\/en\/wp-json\/wp\/v2\/pages\/6119","targetHints":{"allow":["GET"]}}],"collection":[{"href":"https:\/\/structurescdl.com\/en\/wp-json\/wp\/v2\/pages"}],"about":[{"href":"https:\/\/structurescdl.com\/en\/wp-json\/wp\/v2\/types\/page"}],"author":[{"embeddable":true,"href":"https:\/\/structurescdl.com\/en\/wp-json\/wp\/v2\/users\/1"}],"replies":[{"embeddable":true,"href":"https:\/\/structurescdl.com\/en\/wp-json\/wp\/v2\/comments?post=6119"}],"version-history":[{"count":5,"href":"https:\/\/structurescdl.com\/en\/wp-json\/wp\/v2\/pages\/6119\/revisions"}],"predecessor-version":[{"id":6212,"href":"https:\/\/structurescdl.com\/en\/wp-json\/wp\/v2\/pages\/6119\/revisions\/6212"}],"wp:attachment":[{"href":"https:\/\/structurescdl.com\/en\/wp-json\/wp\/v2\/media?parent=6119"}],"curies":[{"name":"wp","href":"https:\/\/api.w.org\/{rel}","templated":true}]}}